{"id":438,"date":"2021-06-18T11:29:10","date_gmt":"2021-06-18T09:29:10","guid":{"rendered":"https:\/\/www.windstream.de\/?page_id=438"},"modified":"2021-07-09T10:10:37","modified_gmt":"2021-07-09T08:10:37","slug":"impressum","status":"publish","type":"page","link":"https:\/\/www.windstream.de\/en\/impressum\/","title":{"rendered":"Impressum"},"content":{"rendered":"<div class=\"fusion-fullwidth fullwidth-box fusion-builder-row-1 fusion-flex-container nonhundred-percent-fullwidth non-hundred-percent-height-scrolling\" style=\"--awb-border-radius-top-left:0px;--awb-border-radius-top-right:0px;--awb-border-radius-bottom-right:0px;--awb-border-radius-bottom-left:0px;--awb-flex-wrap:wrap;\" ><div class=\"fusion-builder-row fusion-row fusion-flex-align-items-flex-start fusion-flex-content-wrap\" style=\"max-width:1248px;margin-left: calc(-4% \/ 2 );margin-right: calc(-4% \/ 2 );\"><div class=\"fusion-layout-column fusion_builder_column fusion-builder-column-0 fusion_builder_column_1_1 1_1 fusion-flex-column\" style=\"--awb-bg-size:cover;--awb-width-large:100%;--awb-margin-top-large:0px;--awb-spacing-right-large:1.92%;--awb-margin-bottom-large:20px;--awb-spacing-left-large:1.92%;--awb-width-medium:100%;--awb-order-medium:0;--awb-spacing-right-medium:1.92%;--awb-spacing-left-medium:1.92%;--awb-width-small:100%;--awb-order-small:0;--awb-spacing-right-small:1.92%;--awb-spacing-left-small:1.92%;\"><div class=\"fusion-column-wrapper fusion-column-has-shadow fusion-flex-justify-content-flex-start fusion-content-layout-column\"><div class=\"fusion-text fusion-text-1\"><h1>Windstream Energie<\/h1>\n<h3>windstream Energieumwandlung GmbH<\/h3>\n<p>\u00dcberseetor 14<br \/>28217 Bremen<br \/>Telefon: +49 (421) 69 19 82-0<br \/>Telefax: +49 (421) 59 56 49 38<br \/>E- mail:\u00a0info@windstream.de<br \/>Gesch\u00e4ftsf\u00fchrerin:<br \/>Anja B\u00f6rm<br \/>HRB 14574 Amtsgericht Bremen<br \/>USt-IdNr. DE 154 289 288<\/p>\n<h3>Nutzungsbedingungen<\/h3>\n<p>\u00a7 1 Kein Vertrag durch Nutzung der Website.<br \/>Zwischen Ihnen und uns kommt alleine dadurch, dass Sie diese Seite nutzen kein Vertrag zustande.<br \/>\u00a7 2 Haftung f\u00fcr die Website<br \/>Wir \u00fcbernehmen keinerlei Haftung f\u00fcr die Vollst\u00e4ndigkeit und Richtigkeit der Website.<br \/>\u00a7 3 Kein Ersatz von Sch\u00e4den<br \/>Die Nutzung der Website erfolgt auf eigenverantwortliche Gefahr und berechtigt nicht zum Ersatz eventuell eintretender Sch\u00e4den.<br \/>Bremen, den 24.12.2001<br \/>windstream<\/p>\n<h3>Realisierung<\/h3>\n<h4>Gestaltung<\/h4>\n<p>kugelrot DESIGN<br \/><a href=\"http:\/\/www.kugelrot.design\/\" target=\"_blank\" rel=\"noopener noreferrer\">www.kugelrot.design<\/a><\/p>\n<h4>Programmierung<\/h4>\n<p>funktion5 GmbH<br \/>Internet-Services \u2022 Online-Marketing<br \/><a href=\"https:\/\/www.funktion5.de\/\" target=\"_blank\" rel=\"noopener noreferrer\">www.funktion5.de<\/a><\/p>\n<h4>Bilder<\/h4>\n<p>\u00a9 dmitrimaruta \u2013 stock.adobe.com<br \/>\u00a9 Paco Ayala \u2013 stock.adobe.com<br \/>\u00a9 TimSiegert-batcam \u2013 stock.adobe.com<br \/>\u00a9 TimSiegert-batcam \u2013 stock.adobe.com<\/p>\n<p>Seite Kontakt<br \/>\u00a9 Bozica Marinovic \u2013 miribo.com<br \/>\u00a9 Foto-Studio Penz oHG \u2013 foto-penz.de<\/p>\n<\/div><\/div><\/div><\/div><\/div>\n","protected":false},"excerpt":{"rendered":"","protected":false},"author":3,"featured_media":0,"parent":0,"menu_order":0,"comment_status":"closed","ping_status":"closed","template":"","meta":{"footnotes":""},"class_list":["post-438","page","type-page","status-publish","hentry"],"_links":{"self":[{"href":"https:\/\/www.windstream.de\/en\/wp-json\/wp\/v2\/pages\/438","targetHints":{"allow":["GET"]}}],"collection":[{"href":"https:\/\/www.windstream.de\/en\/wp-json\/wp\/v2\/pages"}],"about":[{"href":"https:\/\/www.windstream.de\/en\/wp-json\/wp\/v2\/types\/page"}],"author":[{"embeddable":true,"href":"https:\/\/www.windstream.de\/en\/wp-json\/wp\/v2\/users\/3"}],"replies":[{"embeddable":true,"href":"https:\/\/www.windstream.de\/en\/wp-json\/wp\/v2\/comments?post=438"}],"version-history":[{"count":3,"href":"https:\/\/www.windstream.de\/en\/wp-json\/wp\/v2\/pages\/438\/revisions"}],"predecessor-version":[{"id":525,"href":"https:\/\/www.windstream.de\/en\/wp-json\/wp\/v2\/pages\/438\/revisions\/525"}],"wp:attachment":[{"href":"https:\/\/www.windstream.de\/en\/wp-json\/wp\/v2\/media?parent=438"}],"curies":[{"name":"wp","href":"https:\/\/api.w.org\/{rel}","templated":true}]}}